{"id":19,"date":"2020-09-06T09:53:05","date_gmt":"2020-09-06T09:53:05","guid":{"rendered":"https:\/\/www.seotopspot.com\/?page_id=19"},"modified":"2021-04-18T10:13:52","modified_gmt":"2021-04-18T10:13:52","slug":"trafico","status":"publish","type":"page","link":"https:\/\/www.seotopspot.com\/index.php\/trafico\/","title":{"rendered":"Tr\u00e1ffickers"},"content":{"rendered":"\n<p>Tr\u00e1ffickers, con acento. Estas en el sitio id\u00f3neo para conseguir tr\u00e1fico. Nuestro equipo te ayudar\u00e1 a conseguir que cientos de nuevos clientes lleguen a t\u00ed, buscando tus productos y servicios. Y todo en un lenguaje comprensible, Tr\u00e1fficking en espa\u00f1ol y en claro.<\/p>\n\n\n\n<h2 class=\"wp-block-heading\">\u00bfQu\u00e9 es el tr\u00e1fico?<\/h2>\n\n\n\n<p>Son nuevos clientes que llegan a tu landing page desde todos los rincones de internet. Se puede obtener de manera org\u00e1nica, posicionando tu negocio a trav\u00e9s de nuestros servicios SEO, o a trav\u00e9s de publicidad, que gestionaremos para t\u00ed. Lo positivo de la publicidad es que arroja resultados de inmediato, al d\u00eda siguiente de una campa\u00f1a puedes estar perfectamente cerrando ventas.<\/p>\n\n\n\n<h2 class=\"wp-block-heading\">Tr\u00e1fico totalmente segmentado<\/h2>\n\n\n\n<p>Los nuevos clientes que llegar\u00e1n a tu web para conocerte ser\u00e1n justo los que te interesan, clientes iguales a los que ya te han comprado, de manera que les podr\u00e1s prestar un mejor servicio y estar\u00e1n m\u00e1s interesados que el p\u00fablico en general, no tirar\u00e1s tu dinero.<\/p>\n\n\n\n<figure class=\"wp-block-image\"><img decoding=\"async\" src=\"https:\/\/cdn.pixabay.com\/photo\/2017\/01\/31\/17\/44\/highway-2025863_960_720.jpg\" alt=\"Carretera, Luces, Noche, Por Carretera, Spotlight\"\/><\/figure>\n\n\n\n<p>Una de las cuestiones m\u00e1s relevantes en cuanto a la obtenci\u00f3n de tr\u00e1fico de pago es lograr el mejor resultado por cada euro. Para \u00e9llo empleamos la segmentaci\u00f3n del usuario, algo que permiten los distintos medios de tr\u00e1fico digital como Facebook y Google ads. Lograremos que aparezcas en las primeras posiciones de b\u00fasqueda s\u00f3lo para clientes relevantes, que realmente hagan click en en tu anuncio para comprarte. Queremos ser tu partner de referencia en SEM.<\/p>\n\n\n\n<figure class=\"wp-block-image\"><img decoding=\"async\" src=\"https:\/\/cdn.pixabay.com\/photo\/2015\/06\/01\/09\/00\/seo-793032_960_720.jpg\" alt=\"Seo, Sem, Google, Comercializaci\u00f3n, Optimizaci\u00f3n, Web\"\/><\/figure>\n\n\n\n<h1 class=\"wp-block-heading\"><\/h1>\n","protected":false},"excerpt":{"rendered":"<p>Tr\u00e1ffickers, con acento. Estas en el sitio id\u00f3neo para conseguir tr\u00e1fico. Nuestro equipo te ayudar\u00e1 a conseguir que cientos de nuevos clientes lleguen a t\u00ed, buscando tus productos y servicios. Y todo en un lenguaje comprensible, Tr\u00e1fficking en espa\u00f1ol y en claro. \u00bfQu\u00e9 es el tr\u00e1fico? Son nuevos clientes que llegan a tu landing page&hellip;<\/p>\n","protected":false},"author":1,"featured_media":0,"parent":0,"menu_order":0,"comment_status":"closed","ping_status":"closed","template":"","meta":{"footnotes":""},"yoast_head":"<!-- This site is optimized with the Yoast SEO plugin v21.9.1 - https:\/\/yoast.com\/wordpress\/plugins\/seo\/ -->\n<title>Tr\u00e1ffickers | SEO Top Spot<\/title>\n<meta name=\"robots\" content=\"index, follow, max-snippet:-1, max-image-preview:large, max-video-preview:-1\" \/>\n<link rel=\"canonical\" href=\"https:\/\/www.seotopspot.com\/index.php\/trafico\/\" \/>\n<meta property=\"og:locale\" content=\"es_ES\" \/>\n<meta property=\"og:type\" content=\"article\" \/>\n<meta property=\"og:title\" content=\"Tr\u00e1ffickers | SEO Top Spot\" \/>\n<meta property=\"og:description\" content=\"Tr\u00e1ffickers, con acento. Estas en el sitio id\u00f3neo para conseguir tr\u00e1fico. Nuestro equipo te ayudar\u00e1 a conseguir que cientos de nuevos clientes lleguen a t\u00ed, buscando tus productos y servicios. Y todo en un lenguaje comprensible, Tr\u00e1fficking en espa\u00f1ol y en claro. \u00bfQu\u00e9 es el tr\u00e1fico? Son nuevos clientes que llegan a tu landing page&hellip;\" \/>\n<meta property=\"og:url\" content=\"https:\/\/www.seotopspot.com\/index.php\/trafico\/\" \/>\n<meta property=\"og:site_name\" content=\"SEO Top Spot\" \/>\n<meta property=\"article:modified_time\" content=\"2021-04-18T10:13:52+00:00\" \/>\n<meta property=\"og:image\" content=\"https:\/\/cdn.pixabay.com\/photo\/2017\/01\/31\/17\/44\/highway-2025863_960_720.jpg\" \/>\n<meta name=\"twitter:card\" content=\"summary_large_image\" \/>\n<meta name=\"twitter:label1\" content=\"Tiempo de lectura\" \/>\n\t<meta name=\"twitter:data1\" content=\"2 minutos\" \/>\n<script type=\"application\/ld+json\" class=\"yoast-schema-graph\">{\"@context\":\"https:\/\/schema.org\",\"@graph\":[{\"@type\":\"WebPage\",\"@id\":\"https:\/\/www.seotopspot.com\/index.php\/trafico\/\",\"url\":\"https:\/\/www.seotopspot.com\/index.php\/trafico\/\",\"name\":\"Tr\u00e1ffickers | SEO Top Spot\",\"isPartOf\":{\"@id\":\"https:\/\/www.seotopspot.com\/#website\"},\"datePublished\":\"2020-09-06T09:53:05+00:00\",\"dateModified\":\"2021-04-18T10:13:52+00:00\",\"breadcrumb\":{\"@id\":\"https:\/\/www.seotopspot.com\/index.php\/trafico\/#breadcrumb\"},\"inLanguage\":\"es\",\"potentialAction\":[{\"@type\":\"ReadAction\",\"target\":[\"https:\/\/www.seotopspot.com\/index.php\/trafico\/\"]}]},{\"@type\":\"BreadcrumbList\",\"@id\":\"https:\/\/www.seotopspot.com\/index.php\/trafico\/#breadcrumb\",\"itemListElement\":[{\"@type\":\"ListItem\",\"position\":1,\"name\":\"Portada\",\"item\":\"https:\/\/www.seotopspot.com\/\"},{\"@type\":\"ListItem\",\"position\":2,\"name\":\"Tr\u00e1ffickers\"}]},{\"@type\":\"WebSite\",\"@id\":\"https:\/\/www.seotopspot.com\/#website\",\"url\":\"https:\/\/www.seotopspot.com\/\",\"name\":\"SEO Top Spot\",\"description\":\"\u25b7 El mejor SEO\",\"publisher\":{\"@id\":\"https:\/\/www.seotopspot.com\/#organization\"},\"potentialAction\":[{\"@type\":\"SearchAction\",\"target\":{\"@type\":\"EntryPoint\",\"urlTemplate\":\"https:\/\/www.seotopspot.com\/?s={search_term_string}\"},\"query-input\":\"required name=search_term_string\"}],\"inLanguage\":\"es\"},{\"@type\":\"Organization\",\"@id\":\"https:\/\/www.seotopspot.com\/#organization\",\"name\":\"SEO Top Spot\",\"url\":\"https:\/\/www.seotopspot.com\/\",\"logo\":{\"@type\":\"ImageObject\",\"inLanguage\":\"es\",\"@id\":\"https:\/\/www.seotopspot.com\/#\/schema\/logo\/image\/\",\"url\":\"https:\/\/www.seotopspot.com\/wp-content\/uploads\/2020\/09\/Logo-cuadrado.jpg\",\"contentUrl\":\"https:\/\/www.seotopspot.com\/wp-content\/uploads\/2020\/09\/Logo-cuadrado.jpg\",\"width\":1482,\"height\":1482,\"caption\":\"SEO Top Spot\"},\"image\":{\"@id\":\"https:\/\/www.seotopspot.com\/#\/schema\/logo\/image\/\"}}]}<\/script>\n<!-- \/ Yoast SEO plugin. -->","yoast_head_json":{"title":"Tr\u00e1ffickers | SEO Top Spot","robots":{"index":"index","follow":"follow","max-snippet":"max-snippet:-1","max-image-preview":"max-image-preview:large","max-video-preview":"max-video-preview:-1"},"canonical":"https:\/\/www.seotopspot.com\/index.php\/trafico\/","og_locale":"es_ES","og_type":"article","og_title":"Tr\u00e1ffickers | SEO Top Spot","og_description":"Tr\u00e1ffickers, con acento. Estas en el sitio id\u00f3neo para conseguir tr\u00e1fico. Nuestro equipo te ayudar\u00e1 a conseguir que cientos de nuevos clientes lleguen a t\u00ed, buscando tus productos y servicios. Y todo en un lenguaje comprensible, Tr\u00e1fficking en espa\u00f1ol y en claro. \u00bfQu\u00e9 es el tr\u00e1fico? Son nuevos clientes que llegan a tu landing page&hellip;","og_url":"https:\/\/www.seotopspot.com\/index.php\/trafico\/","og_site_name":"SEO Top Spot","article_modified_time":"2021-04-18T10:13:52+00:00","og_image":[{"url":"https:\/\/cdn.pixabay.com\/photo\/2017\/01\/31\/17\/44\/highway-2025863_960_720.jpg"}],"twitter_card":"summary_large_image","twitter_misc":{"Tiempo de lectura":"2 minutos"},"schema":{"@context":"https:\/\/schema.org","@graph":[{"@type":"WebPage","@id":"https:\/\/www.seotopspot.com\/index.php\/trafico\/","url":"https:\/\/www.seotopspot.com\/index.php\/trafico\/","name":"Tr\u00e1ffickers | SEO Top Spot","isPartOf":{"@id":"https:\/\/www.seotopspot.com\/#website"},"datePublished":"2020-09-06T09:53:05+00:00","dateModified":"2021-04-18T10:13:52+00:00","breadcrumb":{"@id":"https:\/\/www.seotopspot.com\/index.php\/trafico\/#breadcrumb"},"inLanguage":"es","potentialAction":[{"@type":"ReadAction","target":["https:\/\/www.seotopspot.com\/index.php\/trafico\/"]}]},{"@type":"BreadcrumbList","@id":"https:\/\/www.seotopspot.com\/index.php\/trafico\/#breadcrumb","itemListElement":[{"@type":"ListItem","position":1,"name":"Portada","item":"https:\/\/www.seotopspot.com\/"},{"@type":"ListItem","position":2,"name":"Tr\u00e1ffickers"}]},{"@type":"WebSite","@id":"https:\/\/www.seotopspot.com\/#website","url":"https:\/\/www.seotopspot.com\/","name":"SEO Top Spot","description":"\u25b7 El mejor SEO","publisher":{"@id":"https:\/\/www.seotopspot.com\/#organization"},"potentialAction":[{"@type":"SearchAction","target":{"@type":"EntryPoint","urlTemplate":"https:\/\/www.seotopspot.com\/?s={search_term_string}"},"query-input":"required name=search_term_string"}],"inLanguage":"es"},{"@type":"Organization","@id":"https:\/\/www.seotopspot.com\/#organization","name":"SEO Top Spot","url":"https:\/\/www.seotopspot.com\/","logo":{"@type":"ImageObject","inLanguage":"es","@id":"https:\/\/www.seotopspot.com\/#\/schema\/logo\/image\/","url":"https:\/\/www.seotopspot.com\/wp-content\/uploads\/2020\/09\/Logo-cuadrado.jpg","contentUrl":"https:\/\/www.seotopspot.com\/wp-content\/uploads\/2020\/09\/Logo-cuadrado.jpg","width":1482,"height":1482,"caption":"SEO Top Spot"},"image":{"@id":"https:\/\/www.seotopspot.com\/#\/schema\/logo\/image\/"}}]}},"_links":{"self":[{"href":"https:\/\/www.seotopspot.com\/index.php\/wp-json\/wp\/v2\/pages\/19"}],"collection":[{"href":"https:\/\/www.seotopspot.com\/index.php\/wp-json\/wp\/v2\/pages"}],"about":[{"href":"https:\/\/www.seotopspot.com\/index.php\/wp-json\/wp\/v2\/types\/page"}],"author":[{"embeddable":true,"href":"https:\/\/www.seotopspot.com\/index.php\/wp-json\/wp\/v2\/users\/1"}],"replies":[{"embeddable":true,"href":"https:\/\/www.seotopspot.com\/index.php\/wp-json\/wp\/v2\/comments?post=19"}],"version-history":[{"count":5,"href":"https:\/\/www.seotopspot.com\/index.php\/wp-json\/wp\/v2\/pages\/19\/revisions"}],"predecessor-version":[{"id":180,"href":"https:\/\/www.seotopspot.com\/index.php\/wp-json\/wp\/v2\/pages\/19\/revisions\/180"}],"wp:attachment":[{"href":"https:\/\/www.seotopspot.com\/index.php\/wp-json\/wp\/v2\/media?parent=19"}],"curies":[{"name":"wp","href":"https:\/\/api.w.org\/{rel}","templated":true}]}}