{"id":24,"date":"2020-09-06T10:11:18","date_gmt":"2020-09-06T10:11:18","guid":{"rendered":"https:\/\/www.seotopspot.com\/?page_id=24"},"modified":"2021-04-18T09:58:49","modified_gmt":"2021-04-18T09:58:49","slug":"contacto","status":"publish","type":"page","link":"https:\/\/www.seotopspot.com\/index.php\/contacto\/","title":{"rendered":"Cont\u00e1ctanos!"},"content":{"rendered":"\n<p>Ll\u00e1manos para obtener la mayor conversi\u00f3n del sector.- 654 995 263<\/p>\n\n\n\n<p>O escr\u00edbenos para cualquier cuesti\u00f3n,<\/p>\n\n\n\n<div class=\"cf7sg-container cf7sg-not-grid\"><div id=\"cf7sg-form-formulario-de-contacto-1\" class=\" key_formulario-de-contacto-1\">\n<div class=\"wpcf7 no-js\" id=\"wpcf7-f34-o1\" lang=\"es-ES\" dir=\"ltr\">\n<div class=\"screen-reader-response\"><p role=\"status\" aria-live=\"polite\" aria-atomic=\"true\"><\/p> <ul><\/ul><\/div>\n<form action=\"\/index.php\/wp-json\/wp\/v2\/pages\/24#wpcf7-f34-o1\" method=\"post\" class=\"wpcf7-form init\" aria-label=\"Formulario de contacto\" novalidate=\"novalidate\" data-status=\"init\">\n<div style=\"display: none;\">\n<input type=\"hidden\" name=\"_wpcf7\" value=\"34\" \/>\n<input type=\"hidden\" name=\"_wpcf7_version\" value=\"5.7.7\" \/>\n<input type=\"hidden\" name=\"_wpcf7_locale\" value=\"es_ES\" \/>\n<input type=\"hidden\" name=\"_wpcf7_unit_tag\" value=\"wpcf7-f34-o1\" \/>\n<input type=\"hidden\" name=\"_wpcf7_container_post\" value=\"0\" \/>\n<input type=\"hidden\" name=\"_wpcf7_posted_data_hash\" value=\"\" \/>\n<input type=\"hidden\" name=\"_wpcf7_key\" value=\"formulario-de-contacto-1\" \/>\n<input type=\"hidden\" name=\"_cf7sg_toggles\" value=\"\" \/>\n<input type=\"hidden\" name=\"_cf7sg_version\" value=\"4.15.7\" \/>\n<input type=\"hidden\" name=\"_wpnonce\" value=\"430a5637f4\" \/>\n<\/div>\n<p><label> Nombre<br \/>\n<span class=\"wpcf7-form-control-wrap\" data-name=\"your-name\"><input size=\"40\" class=\"wpcf7-form-control wpcf7-text wpcf7-validates-as-required\" aria-required=\"true\" aria-invalid=\"false\" value=\"\" type=\"text\" name=\"your-name\" \/><\/span> <\/label>\n<\/p>\n<p><label> Correo electr\u00f3nico<br \/>\n<span class=\"wpcf7-form-control-wrap\" data-name=\"your-email\"><input size=\"40\" class=\"wpcf7-form-control wpcf7-text wpcf7-email wpcf7-validates-as-required wpcf7-validates-as-email\" aria-required=\"true\" aria-invalid=\"false\" value=\"\" type=\"email\" name=\"your-email\" \/><\/span> <\/label>\n<\/p>\n<p><label> Tel\u00e9fono<br \/>\n<span class=\"wpcf7-form-control-wrap\" data-name=\"tel-318\"><input size=\"40\" class=\"wpcf7-form-control wpcf7-text wpcf7-tel wpcf7-validates-as-tel 1\" id=\"1\" aria-invalid=\"false\" value=\"\" type=\"tel\" name=\"tel-318\" \/><\/span> <\/label>\n<\/p>\n<p><label> Tu mensaje<br \/>\n<span class=\"wpcf7-form-control-wrap\" data-name=\"your-message\"><textarea cols=\"40\" rows=\"10\" class=\"wpcf7-form-control wpcf7-textarea\" aria-invalid=\"false\" name=\"your-message\"><\/textarea><\/span> <\/label>\n<\/p>\n<p><input class=\"wpcf7-form-control has-spinner wpcf7-submit\" type=\"submit\" value=\"\u00a1Enviar!\" \/>\n<\/p><p style=\"display: none !important;\" class=\"akismet-fields-container\" data-prefix=\"_wpcf7_ak_\"><label>&#916;<textarea name=\"_wpcf7_ak_hp_textarea\" cols=\"45\" rows=\"8\" maxlength=\"100\"><\/textarea><\/label><input type=\"hidden\" id=\"ak_js_1\" name=\"_wpcf7_ak_js\" value=\"209\"\/><script>document.getElementById( \"ak_js_1\" ).setAttribute( \"value\", ( new Date() ).getTime() );<\/script><\/p><div class=\"wpcf7-response-output\" aria-hidden=\"true\"><\/div>\n<\/form>\n<\/div>\n<\/div><\/div>\n","protected":false},"excerpt":{"rendered":"<p>Ll\u00e1manos para obtener la mayor conversi\u00f3n del sector.- 654 995 263 O escr\u00edbenos para cualquier cuesti\u00f3n,<\/p>\n","protected":false},"author":1,"featured_media":0,"parent":0,"menu_order":0,"comment_status":"closed","ping_status":"closed","template":"","meta":{"footnotes":""},"yoast_head":"<!-- This site is optimized with the Yoast SEO plugin v21.9.1 - https:\/\/yoast.com\/wordpress\/plugins\/seo\/ -->\n<title>Cont\u00e1ctanos! | SEO Top Spot<\/title>\n<meta name=\"robots\" content=\"index, follow, max-snippet:-1, max-image-preview:large, max-video-preview:-1\" \/>\n<link rel=\"canonical\" href=\"https:\/\/www.seotopspot.com\/index.php\/contacto\/\" \/>\n<meta property=\"og:locale\" content=\"es_ES\" \/>\n<meta property=\"og:type\" content=\"article\" \/>\n<meta property=\"og:title\" content=\"Cont\u00e1ctanos! | SEO Top Spot\" \/>\n<meta property=\"og:description\" content=\"Ll\u00e1manos para obtener la mayor conversi\u00f3n del sector.- 654 995 263 O escr\u00edbenos para cualquier cuesti\u00f3n,\" \/>\n<meta property=\"og:url\" content=\"https:\/\/www.seotopspot.com\/index.php\/contacto\/\" \/>\n<meta property=\"og:site_name\" content=\"SEO Top Spot\" \/>\n<meta property=\"article:modified_time\" content=\"2021-04-18T09:58:49+00:00\" \/>\n<meta name=\"twitter:card\" content=\"summary_large_image\" \/>\n<meta name=\"twitter:label1\" content=\"Tiempo de lectura\" \/>\n\t<meta name=\"twitter:data1\" content=\"1 minuto\" \/>\n<script type=\"application\/ld+json\" class=\"yoast-schema-graph\">{\"@context\":\"https:\/\/schema.org\",\"@graph\":[{\"@type\":\"WebPage\",\"@id\":\"https:\/\/www.seotopspot.com\/index.php\/contacto\/\",\"url\":\"https:\/\/www.seotopspot.com\/index.php\/contacto\/\",\"name\":\"Cont\u00e1ctanos! | SEO Top Spot\",\"isPartOf\":{\"@id\":\"https:\/\/www.seotopspot.com\/#website\"},\"datePublished\":\"2020-09-06T10:11:18+00:00\",\"dateModified\":\"2021-04-18T09:58:49+00:00\",\"breadcrumb\":{\"@id\":\"https:\/\/www.seotopspot.com\/index.php\/contacto\/#breadcrumb\"},\"inLanguage\":\"es\",\"potentialAction\":[{\"@type\":\"ReadAction\",\"target\":[\"https:\/\/www.seotopspot.com\/index.php\/contacto\/\"]}]},{\"@type\":\"BreadcrumbList\",\"@id\":\"https:\/\/www.seotopspot.com\/index.php\/contacto\/#breadcrumb\",\"itemListElement\":[{\"@type\":\"ListItem\",\"position\":1,\"name\":\"Portada\",\"item\":\"https:\/\/www.seotopspot.com\/\"},{\"@type\":\"ListItem\",\"position\":2,\"name\":\"Cont\u00e1ctanos!\"}]},{\"@type\":\"WebSite\",\"@id\":\"https:\/\/www.seotopspot.com\/#website\",\"url\":\"https:\/\/www.seotopspot.com\/\",\"name\":\"SEO Top Spot\",\"description\":\"\u25b7 El mejor SEO\",\"publisher\":{\"@id\":\"https:\/\/www.seotopspot.com\/#organization\"},\"potentialAction\":[{\"@type\":\"SearchAction\",\"target\":{\"@type\":\"EntryPoint\",\"urlTemplate\":\"https:\/\/www.seotopspot.com\/?s={search_term_string}\"},\"query-input\":\"required name=search_term_string\"}],\"inLanguage\":\"es\"},{\"@type\":\"Organization\",\"@id\":\"https:\/\/www.seotopspot.com\/#organization\",\"name\":\"SEO Top Spot\",\"url\":\"https:\/\/www.seotopspot.com\/\",\"logo\":{\"@type\":\"ImageObject\",\"inLanguage\":\"es\",\"@id\":\"https:\/\/www.seotopspot.com\/#\/schema\/logo\/image\/\",\"url\":\"https:\/\/www.seotopspot.com\/wp-content\/uploads\/2020\/09\/Logo-cuadrado.jpg\",\"contentUrl\":\"https:\/\/www.seotopspot.com\/wp-content\/uploads\/2020\/09\/Logo-cuadrado.jpg\",\"width\":1482,\"height\":1482,\"caption\":\"SEO Top Spot\"},\"image\":{\"@id\":\"https:\/\/www.seotopspot.com\/#\/schema\/logo\/image\/\"}}]}<\/script>\n<!-- \/ Yoast SEO plugin. -->","yoast_head_json":{"title":"Cont\u00e1ctanos! | SEO Top Spot","robots":{"index":"index","follow":"follow","max-snippet":"max-snippet:-1","max-image-preview":"max-image-preview:large","max-video-preview":"max-video-preview:-1"},"canonical":"https:\/\/www.seotopspot.com\/index.php\/contacto\/","og_locale":"es_ES","og_type":"article","og_title":"Cont\u00e1ctanos! | SEO Top Spot","og_description":"Ll\u00e1manos para obtener la mayor conversi\u00f3n del sector.- 654 995 263 O escr\u00edbenos para cualquier cuesti\u00f3n,","og_url":"https:\/\/www.seotopspot.com\/index.php\/contacto\/","og_site_name":"SEO Top Spot","article_modified_time":"2021-04-18T09:58:49+00:00","twitter_card":"summary_large_image","twitter_misc":{"Tiempo de lectura":"1 minuto"},"schema":{"@context":"https:\/\/schema.org","@graph":[{"@type":"WebPage","@id":"https:\/\/www.seotopspot.com\/index.php\/contacto\/","url":"https:\/\/www.seotopspot.com\/index.php\/contacto\/","name":"Cont\u00e1ctanos! | SEO Top Spot","isPartOf":{"@id":"https:\/\/www.seotopspot.com\/#website"},"datePublished":"2020-09-06T10:11:18+00:00","dateModified":"2021-04-18T09:58:49+00:00","breadcrumb":{"@id":"https:\/\/www.seotopspot.com\/index.php\/contacto\/#breadcrumb"},"inLanguage":"es","potentialAction":[{"@type":"ReadAction","target":["https:\/\/www.seotopspot.com\/index.php\/contacto\/"]}]},{"@type":"BreadcrumbList","@id":"https:\/\/www.seotopspot.com\/index.php\/contacto\/#breadcrumb","itemListElement":[{"@type":"ListItem","position":1,"name":"Portada","item":"https:\/\/www.seotopspot.com\/"},{"@type":"ListItem","position":2,"name":"Cont\u00e1ctanos!"}]},{"@type":"WebSite","@id":"https:\/\/www.seotopspot.com\/#website","url":"https:\/\/www.seotopspot.com\/","name":"SEO Top Spot","description":"\u25b7 El mejor SEO","publisher":{"@id":"https:\/\/www.seotopspot.com\/#organization"},"potentialAction":[{"@type":"SearchAction","target":{"@type":"EntryPoint","urlTemplate":"https:\/\/www.seotopspot.com\/?s={search_term_string}"},"query-input":"required name=search_term_string"}],"inLanguage":"es"},{"@type":"Organization","@id":"https:\/\/www.seotopspot.com\/#organization","name":"SEO Top Spot","url":"https:\/\/www.seotopspot.com\/","logo":{"@type":"ImageObject","inLanguage":"es","@id":"https:\/\/www.seotopspot.com\/#\/schema\/logo\/image\/","url":"https:\/\/www.seotopspot.com\/wp-content\/uploads\/2020\/09\/Logo-cuadrado.jpg","contentUrl":"https:\/\/www.seotopspot.com\/wp-content\/uploads\/2020\/09\/Logo-cuadrado.jpg","width":1482,"height":1482,"caption":"SEO Top Spot"},"image":{"@id":"https:\/\/www.seotopspot.com\/#\/schema\/logo\/image\/"}}]}},"_links":{"self":[{"href":"https:\/\/www.seotopspot.com\/index.php\/wp-json\/wp\/v2\/pages\/24"}],"collection":[{"href":"https:\/\/www.seotopspot.com\/index.php\/wp-json\/wp\/v2\/pages"}],"about":[{"href":"https:\/\/www.seotopspot.com\/index.php\/wp-json\/wp\/v2\/types\/page"}],"author":[{"embeddable":true,"href":"https:\/\/www.seotopspot.com\/index.php\/wp-json\/wp\/v2\/users\/1"}],"replies":[{"embeddable":true,"href":"https:\/\/www.seotopspot.com\/index.php\/wp-json\/wp\/v2\/comments?post=24"}],"version-history":[{"count":8,"href":"https:\/\/www.seotopspot.com\/index.php\/wp-json\/wp\/v2\/pages\/24\/revisions"}],"predecessor-version":[{"id":174,"href":"https:\/\/www.seotopspot.com\/index.php\/wp-json\/wp\/v2\/pages\/24\/revisions\/174"}],"wp:attachment":[{"href":"https:\/\/www.seotopspot.com\/index.php\/wp-json\/wp\/v2\/media?parent=24"}],"curies":[{"name":"wp","href":"https:\/\/api.w.org\/{rel}","templated":true}]}}