{"id":89,"date":"2020-09-27T21:40:39","date_gmt":"2020-09-27T21:40:39","guid":{"rendered":"https:\/\/www.seotopspot.com\/?page_id=89"},"modified":"2020-09-27T21:43:16","modified_gmt":"2020-09-27T21:43:16","slug":"seo-reputacional","status":"publish","type":"page","link":"https:\/\/www.seotopspot.com\/index.php\/seo-reputacional\/","title":{"rendered":"SEO reputacional"},"content":{"rendered":"\n<p>En esta \u00e9poca en la que antes de contratar un servicio o comprar un producto, revisamos las rese\u00f1as para tomar una decisi\u00f3n, es fundamental disponer de buenas evaluaciones online.<\/p>\n\n\n\n<p>Las opiniones que publican los usuarios, positivas o negativas, configuran la reputaci\u00f3n online. Una mala reputaci\u00f3n puede afectar negativamente a tu negocio, ya que los usuarios que est\u00e1n pensando en realizar una compra o contratar un servicio se fijan en las valoraciones y esto puede ocasionar que desistan de la idea.<\/p>\n\n\n\n<p>Y no s\u00f3lo los usuarios, tambi\u00e9n tu marca personal es importante, cualquiera que sea tu actividad, podemos impulsar tu reputaci\u00f3n e incluso corregir una mala reputaci\u00f3n mediante t\u00e9cnicas SEO, como por ejemplo el posicionamiento de contenido positivo que desplace hacia abajo en los buscadores a tus haters.<\/p>\n\n\n\n<p>Nosotros nos encargamos de mejorar tu reputaci\u00f3n online en caso de que no sea buena, haciendo una auditor\u00eda de tu caso sobre los puntos peor valorados por los usuarios y realizando un plan de acci\u00f3n detallado para mejorarlos.<\/p>\n\n\n\n<p>Nos encargamos de ayudarte a eliminar contenido falso o fraudulento en concordancia con la sentencia del\u00a0\u00a0Tribunal de Justicia de la Uni\u00f3n Europea publicada el 13 de Mayo del 2014.\u00a0Mediante acciones online y offline mejoraremos tu reputaci\u00f3n, algo clave en cualquier negocio.<\/p>\n\n\n\n<figure class=\"wp-block-image\"><img decoding=\"async\" src=\"https:\/\/cdn.pixabay.com\/photo\/2018\/01\/03\/08\/46\/opinion-3057873_960_720.png\" alt=\"Opini\u00f3n, Los Clientes, La Evaluaci\u00f3n De, Evaluaci\u00f3n\"\/><\/figure>\n\n\n\n<h1 class=\"wp-block-heading\"><\/h1>\n","protected":false},"excerpt":{"rendered":"<p>En esta \u00e9poca en la que antes de contratar un servicio o comprar un producto, revisamos las rese\u00f1as para tomar una decisi\u00f3n, es fundamental disponer de buenas evaluaciones online. Las opiniones que publican los usuarios, positivas o negativas, configuran la reputaci\u00f3n online. Una mala reputaci\u00f3n puede afectar negativamente a tu negocio, ya que los usuarios&hellip;<\/p>\n","protected":false},"author":1,"featured_media":0,"parent":0,"menu_order":0,"comment_status":"closed","ping_status":"closed","template":"","meta":{"footnotes":""},"yoast_head":"<!-- This site is optimized with the Yoast SEO plugin v21.9.1 - https:\/\/yoast.com\/wordpress\/plugins\/seo\/ -->\n<title>SEO reputacional | SEO Top Spot<\/title>\n<meta name=\"robots\" content=\"index, follow, max-snippet:-1, max-image-preview:large, max-video-preview:-1\" \/>\n<link rel=\"canonical\" href=\"https:\/\/www.seotopspot.com\/index.php\/seo-reputacional\/\" \/>\n<meta property=\"og:locale\" content=\"es_ES\" \/>\n<meta property=\"og:type\" content=\"article\" \/>\n<meta property=\"og:title\" content=\"SEO reputacional | SEO Top Spot\" \/>\n<meta property=\"og:description\" content=\"En esta \u00e9poca en la que antes de contratar un servicio o comprar un producto, revisamos las rese\u00f1as para tomar una decisi\u00f3n, es fundamental disponer de buenas evaluaciones online. Las opiniones que publican los usuarios, positivas o negativas, configuran la reputaci\u00f3n online. Una mala reputaci\u00f3n puede afectar negativamente a tu negocio, ya que los usuarios&hellip;\" \/>\n<meta property=\"og:url\" content=\"https:\/\/www.seotopspot.com\/index.php\/seo-reputacional\/\" \/>\n<meta property=\"og:site_name\" content=\"SEO Top Spot\" \/>\n<meta property=\"article:modified_time\" content=\"2020-09-27T21:43:16+00:00\" \/>\n<meta property=\"og:image\" content=\"https:\/\/cdn.pixabay.com\/photo\/2018\/01\/03\/08\/46\/opinion-3057873_960_720.png\" \/>\n<meta name=\"twitter:card\" content=\"summary_large_image\" \/>\n<meta name=\"twitter:label1\" content=\"Tiempo de lectura\" \/>\n\t<meta name=\"twitter:data1\" content=\"1 minuto\" \/>\n<script type=\"application\/ld+json\" class=\"yoast-schema-graph\">{\"@context\":\"https:\/\/schema.org\",\"@graph\":[{\"@type\":\"WebPage\",\"@id\":\"https:\/\/www.seotopspot.com\/index.php\/seo-reputacional\/\",\"url\":\"https:\/\/www.seotopspot.com\/index.php\/seo-reputacional\/\",\"name\":\"SEO reputacional | SEO Top Spot\",\"isPartOf\":{\"@id\":\"https:\/\/www.seotopspot.com\/#website\"},\"datePublished\":\"2020-09-27T21:40:39+00:00\",\"dateModified\":\"2020-09-27T21:43:16+00:00\",\"breadcrumb\":{\"@id\":\"https:\/\/www.seotopspot.com\/index.php\/seo-reputacional\/#breadcrumb\"},\"inLanguage\":\"es\",\"potentialAction\":[{\"@type\":\"ReadAction\",\"target\":[\"https:\/\/www.seotopspot.com\/index.php\/seo-reputacional\/\"]}]},{\"@type\":\"BreadcrumbList\",\"@id\":\"https:\/\/www.seotopspot.com\/index.php\/seo-reputacional\/#breadcrumb\",\"itemListElement\":[{\"@type\":\"ListItem\",\"position\":1,\"name\":\"Portada\",\"item\":\"https:\/\/www.seotopspot.com\/\"},{\"@type\":\"ListItem\",\"position\":2,\"name\":\"SEO reputacional\"}]},{\"@type\":\"WebSite\",\"@id\":\"https:\/\/www.seotopspot.com\/#website\",\"url\":\"https:\/\/www.seotopspot.com\/\",\"name\":\"SEO Top Spot\",\"description\":\"\u25b7 El mejor SEO\",\"publisher\":{\"@id\":\"https:\/\/www.seotopspot.com\/#organization\"},\"potentialAction\":[{\"@type\":\"SearchAction\",\"target\":{\"@type\":\"EntryPoint\",\"urlTemplate\":\"https:\/\/www.seotopspot.com\/?s={search_term_string}\"},\"query-input\":\"required name=search_term_string\"}],\"inLanguage\":\"es\"},{\"@type\":\"Organization\",\"@id\":\"https:\/\/www.seotopspot.com\/#organization\",\"name\":\"SEO Top Spot\",\"url\":\"https:\/\/www.seotopspot.com\/\",\"logo\":{\"@type\":\"ImageObject\",\"inLanguage\":\"es\",\"@id\":\"https:\/\/www.seotopspot.com\/#\/schema\/logo\/image\/\",\"url\":\"https:\/\/www.seotopspot.com\/wp-content\/uploads\/2020\/09\/Logo-cuadrado.jpg\",\"contentUrl\":\"https:\/\/www.seotopspot.com\/wp-content\/uploads\/2020\/09\/Logo-cuadrado.jpg\",\"width\":1482,\"height\":1482,\"caption\":\"SEO Top Spot\"},\"image\":{\"@id\":\"https:\/\/www.seotopspot.com\/#\/schema\/logo\/image\/\"}}]}<\/script>\n<!-- \/ Yoast SEO plugin. -->","yoast_head_json":{"title":"SEO reputacional | SEO Top Spot","robots":{"index":"index","follow":"follow","max-snippet":"max-snippet:-1","max-image-preview":"max-image-preview:large","max-video-preview":"max-video-preview:-1"},"canonical":"https:\/\/www.seotopspot.com\/index.php\/seo-reputacional\/","og_locale":"es_ES","og_type":"article","og_title":"SEO reputacional | SEO Top Spot","og_description":"En esta \u00e9poca en la que antes de contratar un servicio o comprar un producto, revisamos las rese\u00f1as para tomar una decisi\u00f3n, es fundamental disponer de buenas evaluaciones online. Las opiniones que publican los usuarios, positivas o negativas, configuran la reputaci\u00f3n online. Una mala reputaci\u00f3n puede afectar negativamente a tu negocio, ya que los usuarios&hellip;","og_url":"https:\/\/www.seotopspot.com\/index.php\/seo-reputacional\/","og_site_name":"SEO Top Spot","article_modified_time":"2020-09-27T21:43:16+00:00","og_image":[{"url":"https:\/\/cdn.pixabay.com\/photo\/2018\/01\/03\/08\/46\/opinion-3057873_960_720.png"}],"twitter_card":"summary_large_image","twitter_misc":{"Tiempo de lectura":"1 minuto"},"schema":{"@context":"https:\/\/schema.org","@graph":[{"@type":"WebPage","@id":"https:\/\/www.seotopspot.com\/index.php\/seo-reputacional\/","url":"https:\/\/www.seotopspot.com\/index.php\/seo-reputacional\/","name":"SEO reputacional | SEO Top Spot","isPartOf":{"@id":"https:\/\/www.seotopspot.com\/#website"},"datePublished":"2020-09-27T21:40:39+00:00","dateModified":"2020-09-27T21:43:16+00:00","breadcrumb":{"@id":"https:\/\/www.seotopspot.com\/index.php\/seo-reputacional\/#breadcrumb"},"inLanguage":"es","potentialAction":[{"@type":"ReadAction","target":["https:\/\/www.seotopspot.com\/index.php\/seo-reputacional\/"]}]},{"@type":"BreadcrumbList","@id":"https:\/\/www.seotopspot.com\/index.php\/seo-reputacional\/#breadcrumb","itemListElement":[{"@type":"ListItem","position":1,"name":"Portada","item":"https:\/\/www.seotopspot.com\/"},{"@type":"ListItem","position":2,"name":"SEO reputacional"}]},{"@type":"WebSite","@id":"https:\/\/www.seotopspot.com\/#website","url":"https:\/\/www.seotopspot.com\/","name":"SEO Top Spot","description":"\u25b7 El mejor SEO","publisher":{"@id":"https:\/\/www.seotopspot.com\/#organization"},"potentialAction":[{"@type":"SearchAction","target":{"@type":"EntryPoint","urlTemplate":"https:\/\/www.seotopspot.com\/?s={search_term_string}"},"query-input":"required name=search_term_string"}],"inLanguage":"es"},{"@type":"Organization","@id":"https:\/\/www.seotopspot.com\/#organization","name":"SEO Top Spot","url":"https:\/\/www.seotopspot.com\/","logo":{"@type":"ImageObject","inLanguage":"es","@id":"https:\/\/www.seotopspot.com\/#\/schema\/logo\/image\/","url":"https:\/\/www.seotopspot.com\/wp-content\/uploads\/2020\/09\/Logo-cuadrado.jpg","contentUrl":"https:\/\/www.seotopspot.com\/wp-content\/uploads\/2020\/09\/Logo-cuadrado.jpg","width":1482,"height":1482,"caption":"SEO Top Spot"},"image":{"@id":"https:\/\/www.seotopspot.com\/#\/schema\/logo\/image\/"}}]}},"_links":{"self":[{"href":"https:\/\/www.seotopspot.com\/index.php\/wp-json\/wp\/v2\/pages\/89"}],"collection":[{"href":"https:\/\/www.seotopspot.com\/index.php\/wp-json\/wp\/v2\/pages"}],"about":[{"href":"https:\/\/www.seotopspot.com\/index.php\/wp-json\/wp\/v2\/types\/page"}],"author":[{"embeddable":true,"href":"https:\/\/www.seotopspot.com\/index.php\/wp-json\/wp\/v2\/users\/1"}],"replies":[{"embeddable":true,"href":"https:\/\/www.seotopspot.com\/index.php\/wp-json\/wp\/v2\/comments?post=89"}],"version-history":[{"count":2,"href":"https:\/\/www.seotopspot.com\/index.php\/wp-json\/wp\/v2\/pages\/89\/revisions"}],"predecessor-version":[{"id":92,"href":"https:\/\/www.seotopspot.com\/index.php\/wp-json\/wp\/v2\/pages\/89\/revisions\/92"}],"wp:attachment":[{"href":"https:\/\/www.seotopspot.com\/index.php\/wp-json\/wp\/v2\/media?parent=89"}],"curies":[{"name":"wp","href":"https:\/\/api.w.org\/{rel}","templated":true}]}}